{"id":7314,"date":"2022-07-19T09:37:05","date_gmt":"2022-07-19T07:37:05","guid":{"rendered":"https:\/\/www.elterrarestaurant.com\/aviso-legal\/"},"modified":"2022-07-20T16:13:48","modified_gmt":"2022-07-20T14:13:48","slug":"aviso-legal","status":"publish","type":"page","link":"https:\/\/www.elterrarestaurant.com\/es\/aviso-legal\/","title":{"rendered":"Aviso legal"},"content":{"rendered":"<p>DATOS IDENTIFICATIVOS<br \/>\nEn cumplimiento con el deber de informaci\u00f3n recogido en art\u00edculo 10 de la Ley 34\/2002, de 11 de julio, de Servicios de la Sociedad de la Informaci\u00f3n y del Comercio Electr\u00f3nico, le informamos:<br \/>\n&#8211; Terra Restaurant es una empresa dedicada a la venta de Inform\u00e1tica Online.<br \/>\n&#8211; Datos:<br \/>\n\u2022 Denominaci\u00f3n social: Terra Restaurant<br \/>\n\u2022 Domicilio social: Passeig de la Pau, 27, 08600 Berga (Barcelona)<br \/>\n\u2022 Correo electr\u00f3nico:reserves@elterrarestaurant.com<br \/>\n\u2022 Tel\u00e9fono de contacto: 938211185<br \/>\n\u2022 N\u00famero de identificaci\u00f3n fiscal: CIF 77745376-V<br \/>\n\u2022 Administrador: Pere Ventur\u00f3s Villalba<br \/>\n&#8211; Terra Restaurante es una sociedad encargada de la explotaci\u00f3n, gesti\u00f3n y funcionamiento del sitio web www.elterrarestaurant.com.<br \/>\n&#8211; Resoluci\u00f3n de litigios en l\u00ednea conforme al Art. 14.1 del Reglamento (UE) 524\/2013: La Comisi\u00f3n Europea facilita una plataforma de resoluci\u00f3n de litigios en l\u00ednea, la cual se encuentra disponible en el siguiente enlace: https:\/\/ec.europa.eu\/consumers\/odr\/ .<br \/>\nUSUARIOS<br \/>\nEl acceso y\/o uso de este portal atribuye la condici\u00f3n de USUARIO, que acepta, desde dicho acceso y\/o uso, las Condiciones Generales de Uso aqu\u00ed reflejadas. Las citadas Condiciones ser\u00e1n de aplicaci\u00f3n independientemente de las Condiciones Generales de Contrataci\u00f3n que en su caso resulten de obligado cumplimiento.<br \/>\nUSO DEL PORTAL<br \/>\nWWW.ELTERRARESTAURANT.COM proporciona el acceso a multitud de productos, informaciones, servicios, programas o datos (en adelante, \u00ablos contenidos\u00bb) en Internet pertenecientes a Terra Restaurant, o a terceros a los que el USUARIO puede tener acceso. El USUARIO asume la responsabilidad del uso del portal. Dicha responsabilidad se extiende al registro que fuese necesario para acceder a determinados servicios o contenidos. En dicho registro el USUARIO ser\u00e1 responsable de aportar informaci\u00f3n veraz y l\u00edcita. Como consecuencia de este registro, al USUARIO se le puede proporcionar una contrase\u00f1a de la que ser\u00e1 responsable, comprometi\u00e9ndose a hacer un uso diligente y confidencial de la misma. El USUARIO se compromete a hacer un uso adecuado de los contenidos y servicios que Terra Restaurant ofrece a trav\u00e9s de su portal y con car\u00e1cter enunciativo pero no limitativo, a no emplearlos para incurrir en actividades il\u00edcitas, ilegales o contrarias a la buena fe y al orden p\u00fablico.<br \/>\n&#8211; Difundir contenidos o propaganda de car\u00e1cter racista, xen\u00f3fobo, pornogr\u00e1fico ilegal, de apolog\u00eda del terrorismo o atentatorio contra los derechos humanos.<br \/>\n&#8211; Provocar da\u00f1os a los sistemas f\u00edsicos y l\u00f3gicos de Terra Restaurant, de sus proveedores o de terceras personas, introducir o difundir en la red virus inform\u00e1ticos o cualesquiera otros sistemas f\u00edsicos o l\u00f3gicos que sean susceptibles de provocar los da\u00f1os anteriormente citados.<br \/>\n&#8211; Intentar acceder y, en su caso, utilizar las cuentas de correo electr\u00f3nico de otros usuarios y modificar o manipular sus mensajes.<\/p>\n<p>PROPIEDAD INTELECTUAL E INDUSTRIAL<br \/>\nTodos los signos distintivos, marcas, nombres comerciales, contenidos, estructura, dise\u00f1o y forma de presentaci\u00f3n de los elementos y cualquier otra informaci\u00f3n que aparezca en este sitio web son propiedad de Terra Restaurant por s\u00ed mismo o como cesionaria y est\u00e1n protegidos por los derechos de propiedad industrial e intelectual.<br \/>\nEl usuario tiene prohibida la reproducci\u00f3n, transformaci\u00f3n, distribuci\u00f3n, comunicaci\u00f3n p\u00fablica y, en general, cualquier otra forma de explotaci\u00f3n de los elementos referidos en el apartado anterior sin autorizaci\u00f3n expresa de Terra Restaurant.<br \/>\nEl usuario se abstendr\u00e1 de utilizar medios que puedan suprimir, alterar, eludir o manipular cualquier dispositivo de protecci\u00f3n o sistemas de seguridad que puedan estar instalados y que comporten un riesgo o da\u00f1o o inutilizaci\u00f3n del sitio web y\/o sus contenidos.<br \/>\nTerra Restaurant no se responsabiliza del posible uso inapropiado que terceros hagan de esta p\u00e1gina web, ni de la informaci\u00f3n que a trav\u00e9s de \u00e9sta transmitan a terceros. El uso de los contenidos que pueda realizar el usuario y las consecuencias eventuales, da\u00f1os o perjuicios que se pudieran derivar, son de la responsabilidad exclusiva del usuario. Terra Restaurant se excluye por los da\u00f1os y perjuicios de toda naturaleza causados \u200b\u200ba los usuarios por el uso de enlaces (links), directorios y herramientas de b\u00fasqueda, que permiten a los usuarios acceder a sitios web pertenecientes y\/o gestionados por terceros as\u00ed como de la presencia de virus u otros c\u00f3digos maliciosos en los contenidos que puedan producir cualquier tipo de da\u00f1os en el sistema inform\u00e1tico, documentos electr\u00f3nicos o ficheros de los usuarios. Terra Restaurant se reserva el derecho de ejercitar las acciones legales que considere oportunas derivadas de cualquier uso il\u00edcito por parte de terceros de los contenidos de su p\u00e1gina web.<\/p>\n<p>EXCLUSI\u00d3N DE GARANT\u00cdAS Y RESPONSABILIDAD<br \/>\nTerra Restaurant no se hace responsable, en ning\u00fan caso, de los da\u00f1os y perjuicios de cualquier naturaleza que pudieran ocasionar, a t\u00edtulo enunciativo: errores u omisiones en los contenidos, falta de disponibilidad del portal o la transmisi\u00f3n de virus o programas maliciosos o lesivos en los contenidos, a\u00fan adoptando todas las medidas tecnol\u00f3gicas necesarias para evitarlo.<\/p>\n<p>MODIFICACIONES<br \/>\nTerra Restaurant se reserva el derecho de efectuar sin previo aviso las modificaciones que considere oportunas en su portal, pudiendo cambiar, suprimir o a\u00f1adir tanto los contenidos y servicios que se presten a trav\u00e9s de \u00e9sta como la forma en que \u00e9stos aparezcan presentados o localizados en su portal.<\/p>\n<p>ENLACES<br \/>\nEn caso de que en nombre del dominio se dispusieran enlaces o hiperv\u00ednculos hacia otros sitios de Internet, Terra Restaurant no ejercer\u00e1 ning\u00fan tipo de control sobre estos sitios y contenidos. En ning\u00fan caso Terra Restaurant asumir\u00e1 responsabilidad alguna por los contenidos de alg\u00fan enlace perteneciente a un sitio web ajeno, ni garantizar\u00e1 la disponibilidad t\u00e9cnica, calidad, fiabilidad, exactitud, amplitud, veracidad, validez y constitucionalidad de cualquier material o informaci\u00f3n contenida en ning\u00fan sitio. \u00e9stos. hiperv\u00ednculos u otros sitios de Internet. Asimismo, la inclusi\u00f3n de estas conexiones externas no implicar\u00e1 ning\u00fan tipo de asociaci\u00f3n, fusi\u00f3n o participaci\u00f3n con las entidades conectadas.<\/p>\n<p>ACCESO AL PORTAL<br \/>\nTerra Restaurant se reserva el derecho de denegar o retirar el acceso a portal y\/oa los servicios ofrecidos sin necesidad de preaviso, a instancia propia o de un tercero, a aquellos usuarios que incumplan las Condiciones Generales de Uso.<\/p>\n<p>DERECHO DE EXCLUSI\u00d3N<br \/>\nTerra Restaurant se reserva el derecho de denegar o retirar el acceso a portal y\/oa los servicios ofrecidos sin necesidad de preaviso, a instancia propia o de un tercero, a aquellos usuarios que incumplan las Condiciones Generales de Uso.<\/p>\n<p>GENERALIDADES<br \/>\nTerra Restaurant perseguir\u00e1 el incumplimiento de las condiciones as\u00ed como cualquier utilizaci\u00f3n indebida del portal ejerciendo todas las acciones civiles y penales que le puedan corresponder en derecho.<\/p>\n<p>MODIFICACI\u00d3N DE LAS PRESENTES CONDICIONES Y DURACI\u00d3N<br \/>\nTerra Restaurant podr\u00e1 modificar en cualquier momento las condiciones aqu\u00ed determinadas, siendo debidamente publicadas como aparecen aqu\u00ed.<\/p>\n<p>LEGISLACI\u00d3N APLICABLE Y JURISDICCI\u00d3N<br \/>\nLa relaci\u00f3n entre Terra Restaurant y el USUARIO se regir\u00e1 por la normativa espa\u00f1ola vigente y cualquier controversia se someter\u00e1 a los juzgados y tribunales de Berga, Barcelona.<br \/>\nResoluci\u00f3n de litigios online en materia de consumo de acuerdo con el art. 14.1 del Reglamento (UE) 524\/2013: La Comisi\u00f3n Europea facilita una plataforma de resoluci\u00f3n de litigios online que se encuentra disponible en el siguiente enlace: http:\/\/ec. europa.eu\/consumeros\/odr\/.<\/p>\n<p>Actualizado: 16 de febrero de 2019<\/p>\n","protected":false},"excerpt":{"rendered":"<p>DATOS IDENTIFICATIVOS En cumplimiento con el deber de informaci\u00f3n recogido en art\u00edculo 10 de la Ley 34\/2002, de 11 de julio, de Servicios de la Sociedad de la Informaci\u00f3n y del Comercio Electr\u00f3nico, le informamos: &#8211; Terra Restaurant es una empresa dedicada a la venta de Inform\u00e1tica Online. &#8211; Datos: \u2022 Denominaci\u00f3n social: Terra Restaurant [&hellip;]<\/p>\n","protected":false},"author":1,"featured_media":0,"parent":0,"menu_order":0,"comment_status":"closed","ping_status":"closed","template":"","meta":[],"acf":[],"_links":{"self":[{"href":"https:\/\/www.elterrarestaurant.com\/es\/wp-json\/wp\/v2\/pages\/7314"}],"collection":[{"href":"https:\/\/www.elterrarestaurant.com\/es\/wp-json\/wp\/v2\/pages"}],"about":[{"href":"https:\/\/www.elterrarestaurant.com\/es\/wp-json\/wp\/v2\/types\/page"}],"author":[{"embeddable":true,"href":"https:\/\/www.elterrarestaurant.com\/es\/wp-json\/wp\/v2\/users\/1"}],"replies":[{"embeddable":true,"href":"https:\/\/www.elterrarestaurant.com\/es\/wp-json\/wp\/v2\/comments?post=7314"}],"version-history":[{"count":2,"href":"https:\/\/www.elterrarestaurant.com\/es\/wp-json\/wp\/v2\/pages\/7314\/revisions"}],"predecessor-version":[{"id":7439,"href":"https:\/\/www.elterrarestaurant.com\/es\/wp-json\/wp\/v2\/pages\/7314\/revisions\/7439"}],"wp:attachment":[{"href":"https:\/\/www.elterrarestaurant.com\/es\/wp-json\/wp\/v2\/media?parent=7314"}],"curies":[{"name":"wp","href":"https:\/\/api.w.org\/{rel}","templated":true}]}}