{"id":7318,"date":"2022-02-03T11:58:28","date_gmt":"2022-02-03T09:58:28","guid":{"rendered":"https:\/\/www.elterrarestaurant.com\/inicio\/"},"modified":"2022-07-20T17:00:54","modified_gmt":"2022-07-20T15:00:54","slug":"inicio","status":"publish","type":"page","link":"https:\/\/www.elterrarestaurant.com\/es\/","title":{"rendered":"Inicio"},"content":{"rendered":"\t\t<div data-elementor-type=\"wp-page\" data-elementor-id=\"7318\" class=\"elementor elementor-7318\">\n\t\t\t\t\t\t\t\t\t<section class=\"elementor-section elementor-top-section elementor-element elementor-element-39da3ae elementor-section-full_width elementor-section-height-default elementor-section-height-default\" data-id=\"39da3ae\" data-element_type=\"section\">\n\t\t\t\t\t\t\t<div class=\"elementor-background-overlay\"><\/div>\n\t\t\t\t\t\t\t<div class=\"elementor-container elementor-column-gap-no\">\n\t\t\t\t\t<div class=\"elementor-column elementor-col-100 elementor-top-column elementor-element elementor-element-ac88bd6\" data-id=\"ac88bd6\" data-element_type=\"column\">\n\t\t\t<div class=\"elementor-widget-wrap elementor-element-populated\">\n\t\t\t\t\t\t\t\t<div class=\"elementor-element elementor-element-429cbc9 elementor-widget elementor-widget-yprm_image_slider\" data-id=\"429cbc9\" data-element_type=\"widget\" data-settings=\"{&quot;swiper_autoplay_timeout&quot;:3600,&quot;mousewheel&quot;:&quot;yes&quot;,&quot;style&quot;:&quot;default&quot;,&quot;effect&quot;:&quot;pattern.jpg&quot;,&quot;heading_animation_type&quot;:&quot;by-line&quot;,&quot;swiper_navigation_style&quot;:&quot;style1&quot;,&quot;swiper_loop&quot;:&quot;yes&quot;,&quot;swiper_autoplay&quot;:&quot;yes&quot;}\" data-widget_type=\"yprm_image_slider.default\">\n\t\t\t\t<div class=\"elementor-widget-container\">\n\t\t\t\t\t<div class=\"image-slider-area full-height\" data-displacement=\"https:\/\/www.elterrarestaurant.com\/wp-content\/plugins\/pt-morave-addons\/assets\/imgs\/pattern.jpg\">\n\t\t\t\t\t\t<div class=\"slider-navigation-block slider-navigation-style1\">\n\t\t\t\t<div class=\"swiper-prev morave-icon-left-arrow\" data-mouse-magnetic=\"true\" data-mouse-scale=\"2\" data-hide-cursor=\"true\"><\/div><div class=\"swiper-counter\">\r\n\t\t\t<div class=\"current\"><\/div>\r\n\t\t\t<div class=\"total\"><\/div>\r\n\t\t<\/div><div class=\"swiper-next morave-icon-right-arrow\" data-mouse-magnetic=\"true\" data-mouse-scale=\"2\" data-hide-cursor=\"true\"><\/div>\t\t\t<\/div>\n\t\t      \t\t\t<div class=\"swiper-container\">\n\t\t\t\t<div class=\"swiper-wrapper\">\n\t\t\t\t\t\t\t<div class=\"swiper-slide elementor-repeater-item-b6ba079\" data-color=\"white\" data-image-url=\"https:\/\/www.elterrarestaurant.com\/wp-content\/uploads\/2022\/07\/1.Terra-Restaurant-Berga.jpg\">\n                      <div class=\"color-overlay\"><\/div>\n      \t\t<\/div>\n\t\t\t\t<div class=\"swiper-slide elementor-repeater-item-82bfa4e\" data-color=\"white\" data-image-url=\"https:\/\/www.elterrarestaurant.com\/wp-content\/uploads\/2022\/07\/2.Terra-Restaurant-Berga.jpg\">\n                      <div class=\"color-overlay\"><\/div>\n      \t\t<\/div>\n\t\t\t\t<div class=\"swiper-slide elementor-repeater-item-7f6ac75\" data-color=\"white\" data-image-url=\"https:\/\/www.elterrarestaurant.com\/wp-content\/uploads\/2022\/07\/3.Terra-Restaurant-Berga.jpg\">\n                      <div class=\"color-overlay\"><\/div>\n      \t\t<\/div>\n\t\t\t\t<div class=\"swiper-slide elementor-repeater-item-79f76f8\" data-color=\"white\" data-image-url=\"https:\/\/www.elterrarestaurant.com\/wp-content\/uploads\/2022\/04\/FE27DB5F-1312-41C5-A1B3-BC1C0E7A331B-scaled.jpg\">\n                      <div class=\"color-overlay\"><\/div>\n      \t\t<\/div>\n\t\t\t\t<div class=\"swiper-slide elementor-repeater-item-473196e\" data-color=\"white\" data-image-url=\"https:\/\/www.elterrarestaurant.com\/wp-content\/uploads\/2022\/07\/5.Terra-Restaurant-Berga.jpg\">\n                      <div class=\"color-overlay\"><\/div>\n      \t\t<\/div>\n\t\t\t\t<div class=\"swiper-slide elementor-repeater-item-6c30ea3\" data-color=\"white\" data-image-url=\"https:\/\/www.elterrarestaurant.com\/wp-content\/uploads\/2022\/04\/IMG_6491-scaled.jpg\">\n                      <div class=\"color-overlay\"><\/div>\n      \t\t<\/div>\n\t\t\t\t<div class=\"swiper-slide elementor-repeater-item-5d9a917\" data-color=\"white\" data-image-url=\"https:\/\/www.elterrarestaurant.com\/wp-content\/uploads\/2022\/07\/7.Terra-Restaurant-Berga.jpg\">\n                      <div class=\"color-overlay\"><\/div>\n      \t\t<\/div>\n\t\t\t\t<div class=\"swiper-slide elementor-repeater-item-03ad348\" data-color=\"white\" data-image-url=\"https:\/\/www.elterrarestaurant.com\/wp-content\/uploads\/2022\/07\/8.Terra-Restaurant-Berga.jpg\">\n                      <div class=\"color-overlay\"><\/div>\n      \t\t<\/div>\n\t\t\t\t<div class=\"swiper-slide elementor-repeater-item-08aac05\" data-color=\"white\" data-image-url=\"https:\/\/www.elterrarestaurant.com\/wp-content\/uploads\/2022\/04\/IMG-5863-scaled.jpg\">\n                      <div class=\"color-overlay\"><\/div>\n      \t\t<\/div>\n\t\t\t\t<div class=\"swiper-slide elementor-repeater-item-dd0a239\" data-color=\"white\" data-image-url=\"https:\/\/www.elterrarestaurant.com\/wp-content\/uploads\/2022\/07\/10.Terra-Restaurant-Berga.jpg\">\n                      <div class=\"color-overlay\"><\/div>\n      \t\t<\/div>\n\t\t\t\t\t\t<\/div>\n\t\t\t<\/div>\n\t\t\t<div class=\"content-slides container align-middle align-left heading-animation-by-line\">\n\t\t\t\t\t\t<div class=\"slide-content elementor-repeater-item-b6ba079\" data-color=\"white\">\n\t\t\t<div class=\"content-wrap\">\n\t\t\t\t\t\t\t\t\t\t\t\t\t\t\t\t\t\t\t<\/div>\n\t\t<\/div>\n\t\t\t\t<div class=\"slide-content elementor-repeater-item-82bfa4e\" data-color=\"white\">\n\t\t\t<div class=\"content-wrap\">\n\t\t\t\t\t\t\t\t\t\t\t\t\t\t\t\t\t\t\t<\/div>\n\t\t<\/div>\n\t\t\t\t<div class=\"slide-content elementor-repeater-item-7f6ac75\" data-color=\"white\">\n\t\t\t<div class=\"content-wrap\">\n\t\t\t\t\t\t\t\t\t\t\t\t\t\t\t\t\t\t\t<\/div>\n\t\t<\/div>\n\t\t\t\t<div class=\"slide-content elementor-repeater-item-79f76f8\" data-color=\"white\">\n\t\t\t<div class=\"content-wrap\">\n\t\t\t\t\t\t\t\t\t\t\t\t\t\t\t\t\t\t\t<\/div>\n\t\t<\/div>\n\t\t\t\t<div class=\"slide-content elementor-repeater-item-473196e\" data-color=\"white\">\n\t\t\t<div class=\"content-wrap\">\n\t\t\t\t\t\t\t\t\t\t\t\t\t\t\t\t\t\t\t<\/div>\n\t\t<\/div>\n\t\t\t\t<div class=\"slide-content elementor-repeater-item-6c30ea3\" data-color=\"white\">\n\t\t\t<div class=\"content-wrap\">\n\t\t\t\t\t\t\t\t\t\t\t\t\t\t\t\t\t\t\t<\/div>\n\t\t<\/div>\n\t\t\t\t<div class=\"slide-content elementor-repeater-item-5d9a917\" data-color=\"white\">\n\t\t\t<div class=\"content-wrap\">\n\t\t\t\t\t\t\t\t\t\t\t\t\t\t\t\t\t\t\t<\/div>\n\t\t<\/div>\n\t\t\t\t<div class=\"slide-content elementor-repeater-item-03ad348\" data-color=\"white\">\n\t\t\t<div class=\"content-wrap\">\n\t\t\t\t\t\t\t\t\t\t\t\t\t\t\t\t\t\t\t<\/div>\n\t\t<\/div>\n\t\t\t\t<div class=\"slide-content elementor-repeater-item-08aac05\" data-color=\"white\">\n\t\t\t<div class=\"content-wrap\">\n\t\t\t\t\t\t\t\t\t\t\t\t\t\t\t\t\t\t\t<\/div>\n\t\t<\/div>\n\t\t\t\t<div class=\"slide-content elementor-repeater-item-dd0a239\" data-color=\"white\">\n\t\t\t<div class=\"content-wrap\">\n\t\t\t\t\t\t\t\t\t\t\t\t\t\t\t\t\t\t\t<\/div>\n\t\t<\/div>\n\t\t\t\t\t<\/div>\n      \t\t<\/div>\n\t\t\t\t<\/div>\n\t\t\t\t<\/div>\n\t\t\t\t\t<\/div>\n\t\t<\/div>\n\t\t\t\t\t\t\t<\/div>\n\t\t<\/section>\n\t\t\t\t<section class=\"elementor-section elementor-top-section elementor-element elementor-element-d6b309b dark-scheme elementor-section-boxed elementor-section-height-default elementor-section-height-default\" data-id=\"d6b309b\" data-element_type=\"section\" data-settings=\"{&quot;background_background&quot;:&quot;classic&quot;}\">\n\t\t\t\t\t\t<div class=\"elementor-container elementor-column-gap-default\">\n\t\t\t\t\t<div class=\"elementor-column elementor-col-50 elementor-top-column elementor-element elementor-element-8bb31bc\" data-id=\"8bb31bc\" data-element_type=\"column\">\n\t\t\t<div class=\"elementor-widget-wrap elementor-element-populated\">\n\t\t\t\t\t\t\t\t<div class=\"elementor-element elementor-element-5ea6261 elementor-widget elementor-widget-yprm_sub_heading\" data-id=\"5ea6261\" data-element_type=\"widget\" data-widget_type=\"yprm_sub_heading.default\">\n\t\t\t\t<div class=\"elementor-widget-container\">\n\t\t\t\t\t\t<div class=\"sub-heading elementor-sub-heading-block \">\r\n\t\t\t\t\t\t\t\t<span >RESTAURANTE TERRA<\/span>\r\n\t\t\t<\/div>\r\n\t\t\t\t<\/div>\n\t\t\t\t<\/div>\n\t\t\t\t<div class=\"elementor-element elementor-element-64d7750 elementor-widget elementor-widget-yprm_heading\" data-id=\"64d7750\" data-element_type=\"widget\" data-settings=\"{&quot;heading_gradient&quot;:{&quot;gradient&quot;:&quot;&quot;},&quot;heading_accent_gradient&quot;:{&quot;gradient&quot;:&quot;&quot;}}\" data-widget_type=\"yprm_heading.default\">\n\t\t\t\t<div class=\"elementor-widget-container\">\n\t\t\t\t\t\t<h3 class=\"heading-block elementor-heading-block \">\r\n\t\t\t\tA la vanguardia gastron\u00f3mica con esencia del Bergued\u00e0\t\t\t<\/h3>\r\n\t\t\t\t<\/div>\n\t\t\t\t<\/div>\n\t\t\t\t\t<\/div>\n\t\t<\/div>\n\t\t\t\t<div class=\"elementor-column elementor-col-50 elementor-top-column elementor-element elementor-element-37d47dc\" data-id=\"37d47dc\" data-element_type=\"column\">\n\t\t\t<div class=\"elementor-widget-wrap elementor-element-populated\">\n\t\t\t\t\t\t\t\t<div class=\"elementor-element elementor-element-e49691b elementor-widget elementor-widget-yprm_heading\" data-id=\"e49691b\" data-element_type=\"widget\" data-settings=\"{&quot;heading_gradient&quot;:{&quot;gradient&quot;:&quot;&quot;},&quot;heading_accent_gradient&quot;:{&quot;gradient&quot;:&quot;&quot;}}\" data-widget_type=\"yprm_heading.default\">\n\t\t\t\t<div class=\"elementor-widget-container\">\n\t\t\t\t\t\t<h2 class=\"heading-block elementor-heading-block \">\r\n\t\t\t\tNUESTRA COCINA\t\t\t<\/h2>\r\n\t\t\t\t<\/div>\n\t\t\t\t<\/div>\n\t\t\t\t<div class=\"elementor-element elementor-element-6ae37e1 elementor-widget elementor-widget-text-editor\" data-id=\"6ae37e1\" data-element_type=\"widget\" data-widget_type=\"text-editor.default\">\n\t\t\t\t<div class=\"elementor-widget-container\">\n\t\t\t<style>\/*! elementor - v3.6.1 - 23-03-2022 *\/\n.elementor-widget-text-editor.elementor-drop-cap-view-stacked .elementor-drop-cap{background-color:#818a91;color:#fff}.elementor-widget-text-editor.elementor-drop-cap-view-framed .elementor-drop-cap{color:#818a91;border:3px solid;background-color:transparent}.elementor-widget-text-editor:not(.elementor-drop-cap-view-default) .elementor-drop-cap{margin-top:8px}.elementor-widget-text-editor:not(.elementor-drop-cap-view-default) .elementor-drop-cap-letter{width:1em;height:1em}.elementor-widget-text-editor .elementor-drop-cap{float:left;text-align:center;line-height:1;font-size:50px}.elementor-widget-text-editor .elementor-drop-cap-letter{display:inline-block}<\/style>\t\t\t\t<p>Nuestro compromiso es trabajar en todo momento con los productos de temporada y, en la medida de lo posible, de la mano de nuestros productores. As\u00ed, los men\u00fas que le ofrecemos hoy ser\u00e1n diferentes a los que haremos en unos d\u00edas respondiendo a la temporalidad y calidad de los productos.<\/p>\t\t\t\t\t\t<\/div>\n\t\t\t\t<\/div>\n\t\t\t\t<div class=\"elementor-element elementor-element-5bb098f elementor-widget__width-initial elementor-widget elementor-widget-yprm_button\" data-id=\"5bb098f\" data-element_type=\"widget\" data-widget_type=\"yprm_button.default\">\n\t\t\t\t<div class=\"elementor-widget-container\">\n\t\t\t\r\n\t\t<a class=\"button-elementor button-style2\" href=\"https:\/\/www.elterrarestaurant.com\/es\/restaurante-terra\/\" target=\"_self\">\r\n      \t\t\t\t\t\t<span>El Restaurante<\/span>\r\n\t\t\t<i class=\"morave-icon morave-icon-right-arrow-3\"><\/i>\t\t<\/a>\r\n\r\n\t\t\t\t<\/div>\n\t\t\t\t<\/div>\n\t\t\t\t<div class=\"elementor-element elementor-element-f9d51e6 elementor-widget__width-initial elementor-widget elementor-widget-yprm_button\" data-id=\"f9d51e6\" data-element_type=\"widget\" data-widget_type=\"yprm_button.default\">\n\t\t\t\t<div class=\"elementor-widget-container\">\n\t\t\t\r\n\t\t<a class=\"button-elementor button-style2\" href=\"https:\/\/www.elterrarestaurant.com\/es\/nuestros-menus\/\" target=\"_self\">\r\n      \t\t\t\t\t\t<span>Los Men\u00fas<\/span>\r\n\t\t\t<i class=\"morave-icon morave-icon-right-arrow-3\"><\/i>\t\t<\/a>\r\n\r\n\t\t\t\t<\/div>\n\t\t\t\t<\/div>\n\t\t\t\t<div class=\"elementor-element elementor-element-07a93f6 elementor-widget__width-initial elementor-widget elementor-widget-yprm_button\" data-id=\"07a93f6\" data-element_type=\"widget\" data-widget_type=\"yprm_button.default\">\n\t\t\t\t<div class=\"elementor-widget-container\">\n\t\t\t\r\n\t\t<a class=\"button-elementor button-style2\" href=\"https:\/\/www.elterrarestaurant.com\/es\/reservar\/\" target=\"_self\">\r\n      \t\t\t\t\t\t<span>Reservar<\/span>\r\n\t\t\t<i class=\"morave-icon morave-icon-right-arrow-3\"><\/i>\t\t<\/a>\r\n\r\n\t\t\t\t<\/div>\n\t\t\t\t<\/div>\n\t\t\t\t\t<\/div>\n\t\t<\/div>\n\t\t\t\t\t\t\t<\/div>\n\t\t<\/section>\n\t\t\t\t\t\t\t<\/div>\n\t\t","protected":false},"excerpt":{"rendered":"<p>RESTAURANTE TERRA A la vanguardia gastron\u00f3mica con esencia del Bergued\u00e0 NUESTRA COCINA Nuestro compromiso es trabajar en todo momento con los productos de temporada y, en la medida de lo posible, de la mano de nuestros productores. As\u00ed, los men\u00fas que le ofrecemos hoy ser\u00e1n diferentes a los que haremos en unos d\u00edas respondiendo a [&hellip;]<\/p>\n","protected":false},"author":1,"featured_media":0,"parent":0,"menu_order":0,"comment_status":"closed","ping_status":"closed","template":"","meta":[],"acf":[],"_links":{"self":[{"href":"https:\/\/www.elterrarestaurant.com\/es\/wp-json\/wp\/v2\/pages\/7318"}],"collection":[{"href":"https:\/\/www.elterrarestaurant.com\/es\/wp-json\/wp\/v2\/pages"}],"about":[{"href":"https:\/\/www.elterrarestaurant.com\/es\/wp-json\/wp\/v2\/types\/page"}],"author":[{"embeddable":true,"href":"https:\/\/www.elterrarestaurant.com\/es\/wp-json\/wp\/v2\/users\/1"}],"replies":[{"embeddable":true,"href":"https:\/\/www.elterrarestaurant.com\/es\/wp-json\/wp\/v2\/comments?post=7318"}],"version-history":[{"count":17,"href":"https:\/\/www.elterrarestaurant.com\/es\/wp-json\/wp\/v2\/pages\/7318\/revisions"}],"predecessor-version":[{"id":7465,"href":"https:\/\/www.elterrarestaurant.com\/es\/wp-json\/wp\/v2\/pages\/7318\/revisions\/7465"}],"wp:attachment":[{"href":"https:\/\/www.elterrarestaurant.com\/es\/wp-json\/wp\/v2\/media?parent=7318"}],"curies":[{"name":"wp","href":"https:\/\/api.w.org\/{rel}","templated":true}]}}